{"id":2,"date":"2016-05-10T03:48:21","date_gmt":"2016-05-10T03:48:21","guid":{"rendered":"http:\/\/ltfabs.de\/?page_id=2"},"modified":"2019-11-09T18:30:10","modified_gmt":"2019-11-09T18:30:10","slug":"sample-page","status":"publish","type":"page","link":"https:\/\/ltfabs.de\/","title":{"rendered":"__________________________"},"content":{"rendered":"\t\t<div data-elementor-type=\"wp-page\" data-elementor-id=\"2\" class=\"elementor elementor-2\">\n\t\t\t\t\t\t<div class=\"elementor-inner\">\n\t\t\t\t<div class=\"elementor-section-wrap\">\n\t\t\t\t\t\t\t\t\t<section class=\"elementor-section elementor-top-section elementor-element elementor-element-b44ef64 elementor-section-boxed elementor-section-height-default elementor-section-height-default\" data-id=\"b44ef64\" data-element_type=\"section\">\n\t\t\t\t\t\t<div class=\"elementor-container elementor-column-gap-default\">\n\t\t\t\t\t\t\t<div class=\"elementor-row\">\n\t\t\t\t\t<div class=\"elementor-column elementor-col-100 elementor-top-column elementor-element elementor-element-0a52f4b\" data-id=\"0a52f4b\" data-element_type=\"column\">\n\t\t\t<div class=\"elementor-column-wrap elementor-element-populated\">\n\t\t\t\t\t\t\t<div class=\"elementor-widget-wrap\">\n\t\t\t\t\t\t<div class=\"elementor-element elementor-element-41ea1bf elementor-widget elementor-widget-text-editor\" data-id=\"41ea1bf\" data-element_type=\"widget\" data-widget_type=\"text-editor.default\">\n\t\t\t\t<div class=\"elementor-widget-container\">\n\t\t\t\t\t\t\t\t<div class=\"elementor-text-editor elementor-clearfix\">\n\t\t\t\t<h1><span style=\"text-decoration: underline; color: #ff6600;\"><strong>Little Things For A Big Smile\u00a0<\/strong><\/span><\/h1><div>\u00a0<\/div><div>Hier bei <span style=\"color: #ff9900;\">LtFabs\u00a0<\/span>finden sie kleine Dinge f\u00fcr ein gro\u00dfes L\u00e4cheln.<\/div><div>Sie suchen ein Geschenk oder auch etwas f\u00fcr sich selbst,<\/div><div>ein kleines Unikat, ein Handgefertigtes Einzelst\u00fcck, das nicht jeder hat?<\/div><div>Dann werden sie hier sicherlich f\u00fcndig!<\/div><div>\u00a0<\/div><div>Die Designerst\u00fccke von Lusi Lu verleihen jeden Raum einen Hingucker und k\u00f6nnen als individuelles Geschenk punkten.<\/div><div>\u00a0<\/div><div>\u00a0<\/div><div>Unter anderem bieten wir besondere personalisierte Einladungskarten an.<\/div><div>\u00a0<\/div><div>Endecke nun eine neue <span style=\"color: #ff9900;\"><a style=\"color: #ff9900;\" href=\"http:\/\/ltfabs.de\/?page_id=7\">Welt<\/a><\/span>.<\/div><div>\u00a0<\/div><div>\u00a0<\/div>\t\t\t\t\t<\/div>\n\t\t\t\t\t\t<\/div>\n\t\t\t\t<\/div>\n\t\t\t\t\t\t<\/div>\n\t\t\t\t\t<\/div>\n\t\t<\/div>\n\t\t\t\t\t\t\t\t<\/div>\n\t\t\t\t\t<\/div>\n\t\t<\/section>\n\t\t\t\t\t\t\t\t\t<\/div>\n\t\t\t<\/div>\n\t\t\t\t\t<\/div>\n\t\t","protected":false},"excerpt":{"rendered":"<p>Little Things For A Big Smile\u00a0 \u00a0Hier bei LtFabs\u00a0finden sie kleine Dinge f\u00fcr ein gro\u00dfes L\u00e4cheln.Sie suchen ein Geschenk oder auch etwas f\u00fcr sich selbst,ein kleines Unikat, ein Handgefertigtes Einzelst\u00fcck, das nicht jeder hat?Dann werden sie hier sicherlich f\u00fcndig!\u00a0Die Designerst\u00fccke von Lusi Lu verleihen jeden Raum einen Hingucker und k\u00f6nnen als individuelles Geschenk punkten.\u00a0\u00a0Unter anderem&#8230;<\/p>\n","protected":false},"author":1,"featured_media":0,"parent":0,"menu_order":0,"comment_status":"closed","ping_status":"closed","template":"","meta":[],"yoast_head":"<!-- This site is optimized with the Yoast SEO plugin v19.14 - https:\/\/yoast.com\/wordpress\/plugins\/seo\/ -->\n<title>__________________________ - LtFabs<\/title>\n<meta name=\"robots\" content=\"index, follow, max-snippet:-1, max-image-preview:large, max-video-preview:-1\" \/>\n<link rel=\"canonical\" href=\"https:\/\/ltfabs.de\/\" \/>\n<meta property=\"og:locale\" content=\"de_DE\" \/>\n<meta property=\"og:type\" content=\"article\" \/>\n<meta property=\"og:title\" content=\"__________________________ - LtFabs\" \/>\n<meta property=\"og:description\" content=\"Little Things For A Big Smile\u00a0 \u00a0Hier bei LtFabs\u00a0finden sie kleine Dinge f\u00fcr ein gro\u00dfes L\u00e4cheln.Sie suchen ein Geschenk oder auch etwas f\u00fcr sich selbst,ein kleines Unikat, ein Handgefertigtes Einzelst\u00fcck, das nicht jeder hat?Dann werden sie hier sicherlich f\u00fcndig!\u00a0Die Designerst\u00fccke von Lusi Lu verleihen jeden Raum einen Hingucker und k\u00f6nnen als individuelles Geschenk punkten.\u00a0\u00a0Unter anderem...\" \/>\n<meta property=\"og:url\" content=\"https:\/\/ltfabs.de\/\" \/>\n<meta property=\"og:site_name\" content=\"LtFabs\" \/>\n<meta property=\"article:modified_time\" content=\"2019-11-09T18:30:10+00:00\" \/>\n<meta name=\"twitter:card\" content=\"summary_large_image\" \/>\n<script type=\"application\/ld+json\" class=\"yoast-schema-graph\">{\"@context\":\"https:\/\/schema.org\",\"@graph\":[{\"@type\":\"WebPage\",\"@id\":\"https:\/\/ltfabs.de\/\",\"url\":\"https:\/\/ltfabs.de\/\",\"name\":\"__________________________ - LtFabs\",\"isPartOf\":{\"@id\":\"https:\/\/ltfabs.de\/#website\"},\"datePublished\":\"2016-05-10T03:48:21+00:00\",\"dateModified\":\"2019-11-09T18:30:10+00:00\",\"breadcrumb\":{\"@id\":\"https:\/\/ltfabs.de\/#breadcrumb\"},\"inLanguage\":\"de\",\"potentialAction\":[{\"@type\":\"ReadAction\",\"target\":[\"https:\/\/ltfabs.de\/\"]}]},{\"@type\":\"BreadcrumbList\",\"@id\":\"https:\/\/ltfabs.de\/#breadcrumb\",\"itemListElement\":[{\"@type\":\"ListItem\",\"position\":1,\"name\":\"Startseite\",\"item\":\"https:\/\/ltfabs.de\/\"},{\"@type\":\"ListItem\",\"position\":2,\"name\":\"__________________________\"}]},{\"@type\":\"WebSite\",\"@id\":\"https:\/\/ltfabs.de\/#website\",\"url\":\"https:\/\/ltfabs.de\/\",\"name\":\"LtFabs\",\"description\":\"Little Things For A Big Smile\",\"potentialAction\":[{\"@type\":\"SearchAction\",\"target\":{\"@type\":\"EntryPoint\",\"urlTemplate\":\"https:\/\/ltfabs.de\/?s={search_term_string}\"},\"query-input\":\"required name=search_term_string\"}],\"inLanguage\":\"de\"}]}<\/script>\n<!-- \/ Yoast SEO plugin. -->","yoast_head_json":{"title":"__________________________ - LtFabs","robots":{"index":"index","follow":"follow","max-snippet":"max-snippet:-1","max-image-preview":"max-image-preview:large","max-video-preview":"max-video-preview:-1"},"canonical":"https:\/\/ltfabs.de\/","og_locale":"de_DE","og_type":"article","og_title":"__________________________ - LtFabs","og_description":"Little Things For A Big Smile\u00a0 \u00a0Hier bei LtFabs\u00a0finden sie kleine Dinge f\u00fcr ein gro\u00dfes L\u00e4cheln.Sie suchen ein Geschenk oder auch etwas f\u00fcr sich selbst,ein kleines Unikat, ein Handgefertigtes Einzelst\u00fcck, das nicht jeder hat?Dann werden sie hier sicherlich f\u00fcndig!\u00a0Die Designerst\u00fccke von Lusi Lu verleihen jeden Raum einen Hingucker und k\u00f6nnen als individuelles Geschenk punkten.\u00a0\u00a0Unter anderem...","og_url":"https:\/\/ltfabs.de\/","og_site_name":"LtFabs","article_modified_time":"2019-11-09T18:30:10+00:00","twitter_card":"summary_large_image","schema":{"@context":"https:\/\/schema.org","@graph":[{"@type":"WebPage","@id":"https:\/\/ltfabs.de\/","url":"https:\/\/ltfabs.de\/","name":"__________________________ - LtFabs","isPartOf":{"@id":"https:\/\/ltfabs.de\/#website"},"datePublished":"2016-05-10T03:48:21+00:00","dateModified":"2019-11-09T18:30:10+00:00","breadcrumb":{"@id":"https:\/\/ltfabs.de\/#breadcrumb"},"inLanguage":"de","potentialAction":[{"@type":"ReadAction","target":["https:\/\/ltfabs.de\/"]}]},{"@type":"BreadcrumbList","@id":"https:\/\/ltfabs.de\/#breadcrumb","itemListElement":[{"@type":"ListItem","position":1,"name":"Startseite","item":"https:\/\/ltfabs.de\/"},{"@type":"ListItem","position":2,"name":"__________________________"}]},{"@type":"WebSite","@id":"https:\/\/ltfabs.de\/#website","url":"https:\/\/ltfabs.de\/","name":"LtFabs","description":"Little Things For A Big Smile","potentialAction":[{"@type":"SearchAction","target":{"@type":"EntryPoint","urlTemplate":"https:\/\/ltfabs.de\/?s={search_term_string}"},"query-input":"required name=search_term_string"}],"inLanguage":"de"}]}},"_links":{"self":[{"href":"https:\/\/ltfabs.de\/index.php?rest_route=\/wp\/v2\/pages\/2"}],"collection":[{"href":"https:\/\/ltfabs.de\/index.php?rest_route=\/wp\/v2\/pages"}],"about":[{"href":"https:\/\/ltfabs.de\/index.php?rest_route=\/wp\/v2\/types\/page"}],"author":[{"embeddable":true,"href":"https:\/\/ltfabs.de\/index.php?rest_route=\/wp\/v2\/users\/1"}],"replies":[{"embeddable":true,"href":"https:\/\/ltfabs.de\/index.php?rest_route=%2Fwp%2Fv2%2Fcomments&post=2"}],"version-history":[{"count":20,"href":"https:\/\/ltfabs.de\/index.php?rest_route=\/wp\/v2\/pages\/2\/revisions"}],"predecessor-version":[{"id":44,"href":"https:\/\/ltfabs.de\/index.php?rest_route=\/wp\/v2\/pages\/2\/revisions\/44"}],"wp:attachment":[{"href":"https:\/\/ltfabs.de\/index.php?rest_route=%2Fwp%2Fv2%2Fmedia&parent=2"}],"curies":[{"name":"wp","href":"https:\/\/api.w.org\/{rel}","templated":true}]}}